{"id":324,"date":"2018-10-09T23:41:49","date_gmt":"2018-10-09T20:41:49","guid":{"rendered":"http:\/\/aselk.com\/en\/?page_id=324"},"modified":"2021-03-24T11:53:29","modified_gmt":"2021-03-24T11:53:29","slug":"references","status":"publish","type":"page","link":"http:\/\/aselk.com\/en\/references\/","title":{"rendered":"References"},"content":{"rendered":"<h4><span style=\"color: #000000;\">Our clients include<\/span><\/h4>\n<pre><span style=\"color: #000000;\">E\u00dcA\u015e OBRUK HES - Schneider Electric Protective Relay Training<\/span><\/pre>\n<hr \/>\n<pre><span style=\"color: #000000;\">Konya APA GES - Protective Relay Testing and Maintenance<\/span><\/pre>\n<hr \/>\n<pre><span style=\"color: #000000;\">SARAL 3 HES - Protective Relay and Grounding Test<\/span><\/pre>\n<hr \/>\n<pre><span style=\"color: #000000;\">Kar\u015f\u0131yaka AVM - Protective Relay Testing and Maintenance<\/span><\/pre>\n<hr \/>\n<pre><span style=\"color: #000000;\">TE\u0130A\u015e Yunak TM - Prafudr Test<\/span><\/pre>\n<hr \/>\n<pre><span style=\"color: #000000;\">Teia\u015f 11.B\u00f6lge M\u00fcd\u00fcrl\u00fc\u011f\u00fc - Fider Extension<\/span><\/pre>\n<hr \/>\n<pre><span style=\"color: #000000;\">Kocaeli Dilovas\u0131 Organize Sanayi B\u00f6lgesi - Relay Commissioning<\/span><\/pre>\n<hr \/>\n<pre><span style=\"color: #000000;\">Ba\u015fkent Organize Sanayi B\u00f6lgesi - Relay Coordination<\/span><\/pre>\n<hr \/>\n<pre><span style=\"color: #000000;\">Mall of \u0130stanbul - Relay Coordination<\/span><\/pre>\n<hr \/>\n<pre><span style=\"color: #000000;\">Van AVM - OG Relay Testing<\/span><\/pre>\n<hr \/>\n<pre><span style=\"color: #000000;\">3. Havaliman\u0131 - Siemens OG Cell\/Relay Testing<\/span><\/pre>\n","protected":false},"excerpt":{"rendered":"<p>Our clients include E\u00dcA\u015e OBRUK HES &#8211; Schneider Electric Protective Relay Training Konya APA GES &#8211; Protective Relay Testing and Maintenance SARAL 3 HES &#8211; Protective Relay and Grounding Test Kar\u015f\u0131yaka AVM &#8211; Protective Relay Testing and Maintenance TE\u0130A\u015e Yunak TM &#8211; Prafudr Test Teia\u015f 11.B\u00f6lge M\u00fcd\u00fcrl\u00fc\u011f\u00fc &#8211; Fider Extension Kocaeli Dilovas\u0131 Organize Sanayi B\u00f6lgesi&hellip; <br \/> <a class=\"read-more\" href=\"http:\/\/aselk.com\/en\/references\/\">Read more<\/a><\/p>\n","protected":false},"author":1,"featured_media":0,"parent":0,"menu_order":0,"comment_status":"closed","ping_status":"closed","template":"","meta":{"footnotes":""},"class_list":["post-324","page","type-page","status-publish","hentry"],"aioseo_notices":[],"jetpack_sharing_enabled":true,"_links":{"self":[{"href":"http:\/\/aselk.com\/en\/wp-json\/wp\/v2\/pages\/324","targetHints":{"allow":["GET"]}}],"collection":[{"href":"http:\/\/aselk.com\/en\/wp-json\/wp\/v2\/pages"}],"about":[{"href":"http:\/\/aselk.com\/en\/wp-json\/wp\/v2\/types\/page"}],"author":[{"embeddable":true,"href":"http:\/\/aselk.com\/en\/wp-json\/wp\/v2\/users\/1"}],"replies":[{"embeddable":true,"href":"http:\/\/aselk.com\/en\/wp-json\/wp\/v2\/comments?post=324"}],"version-history":[{"count":29,"href":"http:\/\/aselk.com\/en\/wp-json\/wp\/v2\/pages\/324\/revisions"}],"predecessor-version":[{"id":772,"href":"http:\/\/aselk.com\/en\/wp-json\/wp\/v2\/pages\/324\/revisions\/772"}],"wp:attachment":[{"href":"http:\/\/aselk.com\/en\/wp-json\/wp\/v2\/media?parent=324"}],"curies":[{"name":"wp","href":"https:\/\/api.w.org\/{rel}","templated":true}]}}